{"id":22,"date":"2018-11-07T20:48:39","date_gmt":"2018-11-07T18:48:39","guid":{"rendered":"http:\/\/www.kolarikorjaukset.fi\/?page_id=22"},"modified":"2024-08-30T14:32:50","modified_gmt":"2024-08-30T12:32:50","slug":"autohuolto","status":"publish","type":"page","link":"https:\/\/www.kolarikorjaukset.fi\/index.php\/autohuolto\/","title":{"rendered":"Autohuolto"},"content":{"rendered":"\t\t<div data-elementor-type=\"wp-page\" data-elementor-id=\"22\" class=\"elementor elementor-22\">\n\t\t\t\t<div class=\"elementor-element elementor-element-6f5045be e-flex e-con-boxed e-con e-parent\" data-id=\"6f5045be\" data-element_type=\"container\">\n\t\t\t\t\t<div class=\"e-con-inner\">\n\t\t\t\t<div class=\"elementor-element elementor-element-2bc99f3b elementor-widget elementor-widget-text-editor\" data-id=\"2bc99f3b\" data-element_type=\"widget\" data-widget_type=\"text-editor.default\">\n\t\t\t\t<div class=\"elementor-widget-container\">\n\t\t\t<style>\/*! elementor - v3.23.0 - 05-08-2024 *\/\n.elementor-widget-text-editor.elementor-drop-cap-view-stacked .elementor-drop-cap{background-color:#69727d;color:#fff}.elementor-widget-text-editor.elementor-drop-cap-view-framed .elementor-drop-cap{color:#69727d;border:3px solid;background-color:transparent}.elementor-widget-text-editor:not(.elementor-drop-cap-view-default) .elementor-drop-cap{margin-top:8px}.elementor-widget-text-editor:not(.elementor-drop-cap-view-default) .elementor-drop-cap-letter{width:1em;height:1em}.elementor-widget-text-editor .elementor-drop-cap{float:left;text-align:center;line-height:1;font-size:50px}.elementor-widget-text-editor .elementor-drop-cap-letter{display:inline-block}<\/style>\t\t\t\t<h2>MONIPUOLISET KORJAAMOPALVELUT KAIKKIIN AUTOMERKKEIHIN<\/h2>\n<p>SK-Ajoneuvopalvelu oy:lt\u00e4&nbsp; saat kaikki autokorjaamo-palvelut takuuty\u00f6n\u00e4 ammattitaidolla ja yli 20-vuoden kokemuksella. Korjaamo-palveluihimme kuuluvat kaikki huollot ja korjaukset aina m\u00e4\u00e4r\u00e4aikaishuollosta, kolarikorjauksiin.<\/p>\n<p>M\u00c4\u00c4R\u00c4AIKAISHUOLTO on laajempi kilometri- tai aikaperusteinen huolto. M\u00e4\u00e4r\u00e4aikaishuolto sis\u00e4lt\u00e4\u00e4 moottori\u00f6ljyn, \u00f6ljynsuodattimen ja raitisilmansuodattimen vaihdon. Lis\u00e4ksi autonvalmistajan m\u00e4\u00e4rittelem\u00e4t tarkastukset ja muut huoltotoimenpiteet. M\u00e4\u00e4r\u00e4aikaishuoltoon sis\u00e4ltyy normaalisti vuosihuoltoa enemm\u00e4n vaihdettavia osia kuten erilaiset suodattimet ja sytytystulpat.<\/p>\n<h3>PALVELUMME<\/h3>\n<ul class=\"ul1\">\n<li class=\"li1\">jakohihnan vaihdot<\/li>\n<li class=\"li1\">&nbsp;jarruhuollot \/ korjaukset<\/li>\n<li class=\"li1\">s\u00e4hk\u00f6ty\u00f6t \/ korjaukset<\/li>\n<li class=\"li1\">pakoputkien korjaukset<\/li>\n<li class=\"li1\">autopeltihitsaus<\/li>\n<li class=\"li1\">kolarikorjaamo<\/li>\n<li class=\"li1\">peltikorjaamo<\/li>\n<li class=\"li1\">automaalaamo<\/li>\n<li class=\"li1\">tuulilasin vaihdot ja korjaukset<\/li>\n<li class=\"li1\">nelipy\u00f6r\u00e4suuntaukset<\/li>\n<li class=\"li1\">bensa-autojen pakokaasumittaukset ja obd-testaukset<\/li><\/ul>\n<div><\/div>\t\t\t\t\t\t<\/div>\n\t\t\t\t<\/div>\n\t\t\t\t<div class=\"elementor-element elementor-element-f258cf5 elementor-widget-divider--view-line elementor-widget elementor-widget-divider\" data-id=\"f258cf5\" data-element_type=\"widget\" data-widget_type=\"divider.default\">\n\t\t\t\t<div class=\"elementor-widget-container\">\n\t\t\t<style>\/*! elementor - v3.23.0 - 05-08-2024 *\/\n.elementor-widget-divider{--divider-border-style:none;--divider-border-width:1px;--divider-color:#0c0d0e;--divider-icon-size:20px;--divider-element-spacing:10px;--divider-pattern-height:24px;--divider-pattern-size:20px;--divider-pattern-url:none;--divider-pattern-repeat:repeat-x}.elementor-widget-divider .elementor-divider{display:flex}.elementor-widget-divider .elementor-divider__text{font-size:15px;line-height:1;max-width:95%}.elementor-widget-divider .elementor-divider__element{margin:0 var(--divider-element-spacing);flex-shrink:0}.elementor-widget-divider .elementor-icon{font-size:var(--divider-icon-size)}.elementor-widget-divider .elementor-divider-separator{display:flex;margin:0;direction:ltr}.elementor-widget-divider--view-line_icon .elementor-divider-separator,.elementor-widget-divider--view-line_text .elementor-divider-separator{align-items:center}.elementor-widget-divider--view-line_icon .elementor-divider-separator:after,.elementor-widget-divider--view-line_icon .elementor-divider-separator:before,.elementor-widget-divider--view-line_text .elementor-divider-separator:after,.elementor-widget-divider--view-line_text .elementor-divider-separator:before{display:block;content:\"\";border-block-end:0;flex-grow:1;border-block-start:var(--divider-border-width) var(--divider-border-style) var(--divider-color)}.elementor-widget-divider--element-align-left .elementor-divider .elementor-divider-separator>.elementor-divider__svg:first-of-type{flex-grow:0;flex-shrink:100}.elementor-widget-divider--element-align-left .elementor-divider-separator:before{content:none}.elementor-widget-divider--element-align-left .elementor-divider__element{margin-left:0}.elementor-widget-divider--element-align-right .elementor-divider .elementor-divider-separator>.elementor-divider__svg:last-of-type{flex-grow:0;flex-shrink:100}.elementor-widget-divider--element-align-right .elementor-divider-separator:after{content:none}.elementor-widget-divider--element-align-right .elementor-divider__element{margin-right:0}.elementor-widget-divider--element-align-start .elementor-divider .elementor-divider-separator>.elementor-divider__svg:first-of-type{flex-grow:0;flex-shrink:100}.elementor-widget-divider--element-align-start .elementor-divider-separator:before{content:none}.elementor-widget-divider--element-align-start .elementor-divider__element{margin-inline-start:0}.elementor-widget-divider--element-align-end .elementor-divider .elementor-divider-separator>.elementor-divider__svg:last-of-type{flex-grow:0;flex-shrink:100}.elementor-widget-divider--element-align-end .elementor-divider-separator:after{content:none}.elementor-widget-divider--element-align-end .elementor-divider__element{margin-inline-end:0}.elementor-widget-divider:not(.elementor-widget-divider--view-line_text):not(.elementor-widget-divider--view-line_icon) .elementor-divider-separator{border-block-start:var(--divider-border-width) var(--divider-border-style) var(--divider-color)}.elementor-widget-divider--separator-type-pattern{--divider-border-style:none}.elementor-widget-divider--separator-type-pattern.elementor-widget-divider--view-line .elementor-divider-separator,.elementor-widget-divider--separator-type-pattern:not(.elementor-widget-divider--view-line) .elementor-divider-separator:after,.elementor-widget-divider--separator-type-pattern:not(.elementor-widget-divider--view-line) .elementor-divider-separator:before,.elementor-widget-divider--separator-type-pattern:not([class*=elementor-widget-divider--view]) .elementor-divider-separator{width:100%;min-height:var(--divider-pattern-height);-webkit-mask-size:var(--divider-pattern-size) 100%;mask-size:var(--divider-pattern-size) 100%;-webkit-mask-repeat:var(--divider-pattern-repeat);mask-repeat:var(--divider-pattern-repeat);background-color:var(--divider-color);-webkit-mask-image:var(--divider-pattern-url);mask-image:var(--divider-pattern-url)}.elementor-widget-divider--no-spacing{--divider-pattern-size:auto}.elementor-widget-divider--bg-round{--divider-pattern-repeat:round}.rtl .elementor-widget-divider .elementor-divider__text{direction:rtl}.e-con-inner>.elementor-widget-divider,.e-con>.elementor-widget-divider{width:var(--container-widget-width,100%);--flex-grow:var(--container-widget-flex-grow)}<\/style>\t\t<div class=\"elementor-divider\">\n\t\t\t<span class=\"elementor-divider-separator\">\n\t\t\t\t\t\t<\/span>\n\t\t<\/div>\n\t\t\t\t<\/div>\n\t\t\t\t<\/div>\n\t\t\t\t<div class=\"elementor-element elementor-element-fb46d73 elementor-widget elementor-widget-text-editor\" data-id=\"fb46d73\" data-element_type=\"widget\" data-widget_type=\"text-editor.default\">\n\t\t\t\t<div class=\"elementor-widget-container\">\n\t\t\t\t\t\t\t<p>Meill\u00e4 voit maksaa laskulla. Saatavilla olevat vaihtoehdot:<\/p><h4>Svea Ekonomi -rahoitus<\/h4><ul><li>Ostohetkell\u00e4 riitt\u00e4\u00e4, kun vain todistat henkil\u00f6llisyytesi luottop\u00e4\u00e4t\u00f6ksen saamiseksi<\/li><li>Lasku tai joustava er\u00e4maksu<\/li><li>Ei avausmaksua<\/li><li>Luottoraja 2000 \u20ac<\/li><\/ul><h4><a href=\"https:\/\/ad-finland.com\/ad-palvelut\/ad-tili\/\" target=\"_blank\" rel=\"noopener\">Resursbank AD-tili (lue lis\u00e4\u00e4 kilkkaamalla)<\/a><\/h4>\t\t\t\t\t\t<\/div>\n\t\t\t\t<\/div>\n\t\t\t\t<div class=\"elementor-element elementor-element-c9dc7f8 elementor-widget-divider--view-line elementor-widget elementor-widget-divider\" data-id=\"c9dc7f8\" data-element_type=\"widget\" data-widget_type=\"divider.default\">\n\t\t\t\t<div class=\"elementor-widget-container\">\n\t\t\t\t\t<div class=\"elementor-divider\">\n\t\t\t<span class=\"elementor-divider-separator\">\n\t\t\t\t\t\t<\/span>\n\t\t<\/div>\n\t\t\t\t<\/div>\n\t\t\t\t<\/div>\n\t\t\t\t<div class=\"elementor-element elementor-element-b9877a3 elementor-align-center elementor-widget elementor-widget-button\" data-id=\"b9877a3\" data-element_type=\"widget\" data-widget_type=\"button.default\">\n\t\t\t\t<div class=\"elementor-widget-container\">\n\t\t\t\t\t<div class=\"elementor-button-wrapper\">\n\t\t\t<a class=\"elementor-button elementor-button-link elementor-size-sm\" href=\"https:\/\/www.kolarikorjaukset.fi\/index.php\/hinnasto\/\">\n\t\t\t\t\t\t<span class=\"elementor-button-content-wrapper\">\n\t\t\t\t\t\t\t\t\t<span class=\"elementor-button-text\">Hinnastomme<\/span>\n\t\t\t\t\t<\/span>\n\t\t\t\t\t<\/a>\n\t\t<\/div>\n\t\t\t\t<\/div>\n\t\t\t\t<\/div>\n\t\t\t\t\t<\/div>\n\t\t\t\t<\/div>\n\t\t\t\t<\/div>\n\t\t","protected":false},"excerpt":{"rendered":"<p>MONIPUOLISET KORJAAMOPALVELUT KAIKKIIN AUTOMERKKEIHIN SK-Ajoneuvopalvelu oy:lt\u00e4&nbsp; saat kaikki autokorjaamo-palvelut takuuty\u00f6n\u00e4 ammattitaidolla ja yli 20-vuoden kokemuksella. Korjaamo-palveluihimme kuuluvat kaikki huollot ja korjaukset aina m\u00e4\u00e4r\u00e4aikaishuollosta, kolarikorjauksiin. M\u00c4\u00c4R\u00c4AIKAISHUOLTO on laajempi kilometri- tai aikaperusteinen huolto. M\u00e4\u00e4r\u00e4aikaishuolto sis\u00e4lt\u00e4\u00e4 moottori\u00f6ljyn, \u00f6ljynsuodattimen ja raitisilmansuodattimen vaihdon. Lis\u00e4ksi autonvalmistajan m\u00e4\u00e4rittelem\u00e4t tarkastukset ja muut huoltotoimenpiteet. M\u00e4\u00e4r\u00e4aikaishuoltoon sis\u00e4ltyy normaalisti vuosihuoltoa enemm\u00e4n [&hellip;]<\/p>\n","protected":false},"author":1,"featured_media":317,"parent":0,"menu_order":0,"comment_status":"closed","ping_status":"closed","template":"","meta":{"footnotes":""},"class_list":["post-22","page","type-page","status-publish","has-post-thumbnail","hentry"],"_links":{"self":[{"href":"https:\/\/www.kolarikorjaukset.fi\/index.php\/wp-json\/wp\/v2\/pages\/22","targetHints":{"allow":["GET"]}}],"collection":[{"href":"https:\/\/www.kolarikorjaukset.fi\/index.php\/wp-json\/wp\/v2\/pages"}],"about":[{"href":"https:\/\/www.kolarikorjaukset.fi\/index.php\/wp-json\/wp\/v2\/types\/page"}],"author":[{"embeddable":true,"href":"https:\/\/www.kolarikorjaukset.fi\/index.php\/wp-json\/wp\/v2\/users\/1"}],"replies":[{"embeddable":true,"href":"https:\/\/www.kolarikorjaukset.fi\/index.php\/wp-json\/wp\/v2\/comments?post=22"}],"version-history":[{"count":55,"href":"https:\/\/www.kolarikorjaukset.fi\/index.php\/wp-json\/wp\/v2\/pages\/22\/revisions"}],"predecessor-version":[{"id":508,"href":"https:\/\/www.kolarikorjaukset.fi\/index.php\/wp-json\/wp\/v2\/pages\/22\/revisions\/508"}],"wp:featuredmedia":[{"embeddable":true,"href":"https:\/\/www.kolarikorjaukset.fi\/index.php\/wp-json\/wp\/v2\/media\/317"}],"wp:attachment":[{"href":"https:\/\/www.kolarikorjaukset.fi\/index.php\/wp-json\/wp\/v2\/media?parent=22"}],"curies":[{"name":"wp","href":"https:\/\/api.w.org\/{rel}","templated":true}]}}