{"id":28,"date":"2018-11-07T20:49:24","date_gmt":"2018-11-07T18:49:24","guid":{"rendered":"http:\/\/www.kolarikorjaukset.fi\/?page_id=28"},"modified":"2024-08-30T14:33:39","modified_gmt":"2024-08-30T12:33:39","slug":"ilmastointi-huolto","status":"publish","type":"page","link":"https:\/\/www.kolarikorjaukset.fi\/index.php\/ilmastointi-huolto\/","title":{"rendered":"Ilmastointihuolto"},"content":{"rendered":"\t\t<div data-elementor-type=\"wp-page\" data-elementor-id=\"28\" class=\"elementor elementor-28\">\n\t\t\t\t<div class=\"elementor-element elementor-element-4dc5d700 e-flex e-con-boxed e-con e-parent\" data-id=\"4dc5d700\" data-element_type=\"container\">\n\t\t\t\t\t<div class=\"e-con-inner\">\n\t\t\t\t<div class=\"elementor-element elementor-element-5f3ebcc6 elementor-widget elementor-widget-text-editor\" data-id=\"5f3ebcc6\" data-element_type=\"widget\" data-widget_type=\"text-editor.default\">\n\t\t\t\t<div class=\"elementor-widget-container\">\n\t\t\t<style>\/*! elementor - v3.23.0 - 05-08-2024 *\/\n.elementor-widget-text-editor.elementor-drop-cap-view-stacked .elementor-drop-cap{background-color:#69727d;color:#fff}.elementor-widget-text-editor.elementor-drop-cap-view-framed .elementor-drop-cap{color:#69727d;border:3px solid;background-color:transparent}.elementor-widget-text-editor:not(.elementor-drop-cap-view-default) .elementor-drop-cap{margin-top:8px}.elementor-widget-text-editor:not(.elementor-drop-cap-view-default) .elementor-drop-cap-letter{width:1em;height:1em}.elementor-widget-text-editor .elementor-drop-cap{float:left;text-align:center;line-height:1;font-size:50px}.elementor-widget-text-editor .elementor-drop-cap-letter{display:inline-block}<\/style>\t\t\t\t<h2><strong>ILMASTOINTIKIN VAATII AJOITTAIN HUOLTOA JA KORJAUSTOIMENPITEIT\u00c4<\/strong><\/h2><p>Ilmastointihuolto kannattaa tehd\u00e4 jos hiki valuu, eik\u00e4 ilmastoinnista ole en\u00e4\u00e4 mit\u00e4\u00e4n hy\u00f6ty\u00e4. J\u00e4rjestelm\u00e4n paineistettu kaasu saattaa vuotaa hiljalleen tiivisteist\u00e4 ja t\u00e4ll\u00f6in ilmastoinnin teho heikkenee. Samoin voiteluaineena j\u00e4rjestelm\u00e4ss\u00e4 k\u00e4ytetty \u00f6ljy vaatii tarkastusta ja t\u00e4ytt\u00f6\u00e4.<\/p><p>Huollon yhteydess\u00e4 ilmastointij\u00e4rjestelm\u00e4\u00e4n lis\u00e4t\u00e4\u00e4n v\u00e4riaine, jolloin mahdolliset vuodot selvi\u00e4v\u00e4t helposti. N\u00e4in s\u00e4\u00e4stet\u00e4\u00e4n jatkossa ty\u00f6aikaa ja kustannuksia vianhaussa sek\u00e4 korjauksissa.<\/p><p>Huollamme uudet (1234yf) ja vanhat (R134 a) ilmastointij\u00e4rjestelm\u00e4t.<\/p><p><strong>Soita ja varaa aika ilmastointihuoltoon!\u00a0<\/strong><\/p>\t\t\t\t\t\t<\/div>\n\t\t\t\t<\/div>\n\t\t\t\t\t<\/div>\n\t\t\t\t<\/div>\n\t\t<div class=\"elementor-element elementor-element-c52a662 e-flex e-con-boxed e-con e-parent\" data-id=\"c52a662\" data-element_type=\"container\">\n\t\t\t\t\t<div class=\"e-con-inner\">\n\t\t\t\t<div class=\"elementor-element elementor-element-22b6ee6 elementor-widget-divider--view-line elementor-widget elementor-widget-divider\" data-id=\"22b6ee6\" data-element_type=\"widget\" data-widget_type=\"divider.default\">\n\t\t\t\t<div class=\"elementor-widget-container\">\n\t\t\t<style>\/*! elementor - v3.23.0 - 05-08-2024 *\/\n.elementor-widget-divider{--divider-border-style:none;--divider-border-width:1px;--divider-color:#0c0d0e;--divider-icon-size:20px;--divider-element-spacing:10px;--divider-pattern-height:24px;--divider-pattern-size:20px;--divider-pattern-url:none;--divider-pattern-repeat:repeat-x}.elementor-widget-divider .elementor-divider{display:flex}.elementor-widget-divider .elementor-divider__text{font-size:15px;line-height:1;max-width:95%}.elementor-widget-divider .elementor-divider__element{margin:0 var(--divider-element-spacing);flex-shrink:0}.elementor-widget-divider .elementor-icon{font-size:var(--divider-icon-size)}.elementor-widget-divider .elementor-divider-separator{display:flex;margin:0;direction:ltr}.elementor-widget-divider--view-line_icon .elementor-divider-separator,.elementor-widget-divider--view-line_text .elementor-divider-separator{align-items:center}.elementor-widget-divider--view-line_icon .elementor-divider-separator:after,.elementor-widget-divider--view-line_icon .elementor-divider-separator:before,.elementor-widget-divider--view-line_text .elementor-divider-separator:after,.elementor-widget-divider--view-line_text .elementor-divider-separator:before{display:block;content:\"\";border-block-end:0;flex-grow:1;border-block-start:var(--divider-border-width) var(--divider-border-style) var(--divider-color)}.elementor-widget-divider--element-align-left .elementor-divider .elementor-divider-separator>.elementor-divider__svg:first-of-type{flex-grow:0;flex-shrink:100}.elementor-widget-divider--element-align-left .elementor-divider-separator:before{content:none}.elementor-widget-divider--element-align-left .elementor-divider__element{margin-left:0}.elementor-widget-divider--element-align-right .elementor-divider .elementor-divider-separator>.elementor-divider__svg:last-of-type{flex-grow:0;flex-shrink:100}.elementor-widget-divider--element-align-right .elementor-divider-separator:after{content:none}.elementor-widget-divider--element-align-right .elementor-divider__element{margin-right:0}.elementor-widget-divider--element-align-start .elementor-divider .elementor-divider-separator>.elementor-divider__svg:first-of-type{flex-grow:0;flex-shrink:100}.elementor-widget-divider--element-align-start .elementor-divider-separator:before{content:none}.elementor-widget-divider--element-align-start .elementor-divider__element{margin-inline-start:0}.elementor-widget-divider--element-align-end .elementor-divider .elementor-divider-separator>.elementor-divider__svg:last-of-type{flex-grow:0;flex-shrink:100}.elementor-widget-divider--element-align-end .elementor-divider-separator:after{content:none}.elementor-widget-divider--element-align-end .elementor-divider__element{margin-inline-end:0}.elementor-widget-divider:not(.elementor-widget-divider--view-line_text):not(.elementor-widget-divider--view-line_icon) .elementor-divider-separator{border-block-start:var(--divider-border-width) var(--divider-border-style) var(--divider-color)}.elementor-widget-divider--separator-type-pattern{--divider-border-style:none}.elementor-widget-divider--separator-type-pattern.elementor-widget-divider--view-line .elementor-divider-separator,.elementor-widget-divider--separator-type-pattern:not(.elementor-widget-divider--view-line) .elementor-divider-separator:after,.elementor-widget-divider--separator-type-pattern:not(.elementor-widget-divider--view-line) .elementor-divider-separator:before,.elementor-widget-divider--separator-type-pattern:not([class*=elementor-widget-divider--view]) .elementor-divider-separator{width:100%;min-height:var(--divider-pattern-height);-webkit-mask-size:var(--divider-pattern-size) 100%;mask-size:var(--divider-pattern-size) 100%;-webkit-mask-repeat:var(--divider-pattern-repeat);mask-repeat:var(--divider-pattern-repeat);background-color:var(--divider-color);-webkit-mask-image:var(--divider-pattern-url);mask-image:var(--divider-pattern-url)}.elementor-widget-divider--no-spacing{--divider-pattern-size:auto}.elementor-widget-divider--bg-round{--divider-pattern-repeat:round}.rtl .elementor-widget-divider .elementor-divider__text{direction:rtl}.e-con-inner>.elementor-widget-divider,.e-con>.elementor-widget-divider{width:var(--container-widget-width,100%);--flex-grow:var(--container-widget-flex-grow)}<\/style>\t\t<div class=\"elementor-divider\">\n\t\t\t<span class=\"elementor-divider-separator\">\n\t\t\t\t\t\t<\/span>\n\t\t<\/div>\n\t\t\t\t<\/div>\n\t\t\t\t<\/div>\n\t\t\t\t\t<\/div>\n\t\t\t\t<\/div>\n\t\t<div class=\"elementor-element elementor-element-cc47f3e e-flex e-con-boxed e-con e-parent\" data-id=\"cc47f3e\" data-element_type=\"container\">\n\t\t\t\t\t<div class=\"e-con-inner\">\n\t\t\t\t<div class=\"elementor-element elementor-element-25cc05d elementor-align-center elementor-widget elementor-widget-button\" data-id=\"25cc05d\" data-element_type=\"widget\" data-widget_type=\"button.default\">\n\t\t\t\t<div class=\"elementor-widget-container\">\n\t\t\t\t\t<div class=\"elementor-button-wrapper\">\n\t\t\t<a class=\"elementor-button elementor-button-link elementor-size-sm\" href=\"https:\/\/www.kolarikorjaukset.fi\/index.php\/hinnasto\/\">\n\t\t\t\t\t\t<span class=\"elementor-button-content-wrapper\">\n\t\t\t\t\t\t\t\t\t<span class=\"elementor-button-text\">Hinnastomme<\/span>\n\t\t\t\t\t<\/span>\n\t\t\t\t\t<\/a>\n\t\t<\/div>\n\t\t\t\t<\/div>\n\t\t\t\t<\/div>\n\t\t\t\t\t<\/div>\n\t\t\t\t<\/div>\n\t\t\t\t<\/div>\n\t\t","protected":false},"excerpt":{"rendered":"<p>ILMASTOINTIKIN VAATII AJOITTAIN HUOLTOA JA KORJAUSTOIMENPITEIT\u00c4 Ilmastointihuolto kannattaa tehd\u00e4 jos hiki valuu, eik\u00e4 ilmastoinnista ole en\u00e4\u00e4 mit\u00e4\u00e4n hy\u00f6ty\u00e4. J\u00e4rjestelm\u00e4n paineistettu kaasu saattaa vuotaa hiljalleen tiivisteist\u00e4 ja t\u00e4ll\u00f6in ilmastoinnin teho heikkenee. Samoin voiteluaineena j\u00e4rjestelm\u00e4ss\u00e4 k\u00e4ytetty \u00f6ljy vaatii tarkastusta ja t\u00e4ytt\u00f6\u00e4. Huollon yhteydess\u00e4 ilmastointij\u00e4rjestelm\u00e4\u00e4n lis\u00e4t\u00e4\u00e4n v\u00e4riaine, jolloin mahdolliset vuodot selvi\u00e4v\u00e4t helposti. N\u00e4in [&hellip;]<\/p>\n","protected":false},"author":1,"featured_media":316,"parent":0,"menu_order":0,"comment_status":"closed","ping_status":"closed","template":"","meta":{"footnotes":""},"class_list":["post-28","page","type-page","status-publish","has-post-thumbnail","hentry"],"_links":{"self":[{"href":"https:\/\/www.kolarikorjaukset.fi\/index.php\/wp-json\/wp\/v2\/pages\/28","targetHints":{"allow":["GET"]}}],"collection":[{"href":"https:\/\/www.kolarikorjaukset.fi\/index.php\/wp-json\/wp\/v2\/pages"}],"about":[{"href":"https:\/\/www.kolarikorjaukset.fi\/index.php\/wp-json\/wp\/v2\/types\/page"}],"author":[{"embeddable":true,"href":"https:\/\/www.kolarikorjaukset.fi\/index.php\/wp-json\/wp\/v2\/users\/1"}],"replies":[{"embeddable":true,"href":"https:\/\/www.kolarikorjaukset.fi\/index.php\/wp-json\/wp\/v2\/comments?post=28"}],"version-history":[{"count":27,"href":"https:\/\/www.kolarikorjaukset.fi\/index.php\/wp-json\/wp\/v2\/pages\/28\/revisions"}],"predecessor-version":[{"id":511,"href":"https:\/\/www.kolarikorjaukset.fi\/index.php\/wp-json\/wp\/v2\/pages\/28\/revisions\/511"}],"wp:featuredmedia":[{"embeddable":true,"href":"https:\/\/www.kolarikorjaukset.fi\/index.php\/wp-json\/wp\/v2\/media\/316"}],"wp:attachment":[{"href":"https:\/\/www.kolarikorjaukset.fi\/index.php\/wp-json\/wp\/v2\/media?parent=28"}],"curies":[{"name":"wp","href":"https:\/\/api.w.org\/{rel}","templated":true}]}}