{"id":49,"date":"2018-11-07T21:16:56","date_gmt":"2018-11-07T19:16:56","guid":{"rendered":"http:\/\/www.kolarikorjaukset.fi\/?page_id=49"},"modified":"2026-04-13T19:21:54","modified_gmt":"2026-04-13T17:21:54","slug":"hinnasto","status":"publish","type":"page","link":"https:\/\/www.kolarikorjaukset.fi\/index.php\/hinnasto\/","title":{"rendered":"Hinnasto"},"content":{"rendered":"\t\t<div data-elementor-type=\"wp-page\" data-elementor-id=\"49\" class=\"elementor elementor-49\">\n\t\t\t\t<div class=\"elementor-element elementor-element-3f02b3d e-flex e-con-boxed e-con e-parent\" data-id=\"3f02b3d\" data-element_type=\"container\">\n\t\t\t\t\t<div class=\"e-con-inner\">\n\t\t\t\t<div class=\"elementor-element elementor-element-33168e3 elementor-widget elementor-widget-html\" data-id=\"33168e3\" data-element_type=\"widget\" data-widget_type=\"html.default\">\n\t\t\t\t<div class=\"elementor-widget-container\">\n\t\t\t<table>\r\n  <tr>\r\n    <th>Tuote<\/th>\r\n    <th>Hinta (sis. alv)<\/th>\r\n  <\/tr>\r\n  <tr>\r\n    <td>Tuntiveloitus\/korjaamo <\/td>\r\n    <td>88 \u20ac<\/td>\r\n  <\/tr>\r\n   <tr>\r\n    <td>HUOM! Tuntiveloitus\/korjaamo 1.6.2026 alkaen<\/td>\r\n    <td>95 \u20ac<\/td>\r\n  <\/tr>\r\n  <tr>\r\n    <td>Kori -ja maalausty\u00f6 alk.<\/td>\r\n    <td>100 \u20ac\/h<\/td>\r\n  <\/tr>\r\n  <tr>\r\n    <td>Vikakoodien luku<\/td>\r\n    <td>40 \u20ac<\/td>\r\n  <\/tr>\r\n  <tr>\r\n    <td>Tuulilasin korjaus<\/td>\r\n    <td>77 \u20ac<\/td>\r\n  <\/tr>\r\n  <tr>\r\n    <td>Renkaanvaihto, henkil\u00f6autot alk.<\/td>\r\n    <td>35 \u20ac<\/td>\r\n  <\/tr>\r\n  <tr>\r\n    <td>Renkaanvaihto, pakettiautot ja maasturit alk.<\/td>\r\n    <td>40 \u20ac<\/td>\r\n  <\/tr>\r\n  <tr>\r\n    <td>Renkaanvaihto, s\u00e4il\u00f6asiakkaalle alk.<\/td>\r\n    <td>30 \u20ac<\/td>\r\n  <\/tr>\r\n  <tr>\r\n    <td>KTPMS-tunnistimen testaus<\/td>\r\n    <td>5 \u20ac\/kpl<\/td>\r\n  <\/tr>\r\n  <tr>\r\n    <td>Renkaiden s\u00e4ilytys ja alle vaihto<\/td>\r\n    <td>80 \u20ac<\/td>\r\n  <\/tr>\r\n  <tr>\r\n    <td>Rengashotelli<\/td>\r\n    <td>50 \u20ac\/kausi<\/td>\r\n  <\/tr>\r\n  <tr>\r\n    <td>Tasapainoitus, irtorenkaat<\/td>\r\n    <td>5 \u20ac\/kpl<\/td>\r\n  <\/tr>\r\n  <tr>\r\n    <td>Renkaiden pesu<\/td>\r\n    <td>15 \u20ac\/sarja<\/td>\r\n  <\/tr>\r\n  <tr>\r\n    <td>Vannety\u00f6t alk.<\/td>\r\n    <td>60 \u20ac\/sarja<\/td>\r\n  <\/tr>\r\n  <tr>\r\n    <td>Ilmastoinnin huolto sis. 200g (R134a) alk.<\/td>\r\n    <td>59 \u20ac<\/td>\r\n  <\/tr>\r\n   <tr>\r\n    <td>Ilmastoinnin huolto sis. 100g (1234yf) alk.<\/td>\r\n    <td>85 \u20ac<\/td>\r\n  <\/tr>\r\n  <tr>\r\n    <td>J\u00e4rjestelm\u00e4n alipainetesti mik\u00e4li j\u00e4rjestelm\u00e4 vuotaa ja t\u00e4ytt\u00e4minen ei onnistu<\/td>\r\n    <td>30 \u20ac<\/td>\r\n  <\/tr>\r\n  \r\n<\/table>\t\t<\/div>\n\t\t\t\t<\/div>\n\t\t\t\t\t<\/div>\n\t\t\t\t<\/div>\n\t\t<div class=\"elementor-element elementor-element-0f90fa3 e-flex e-con-boxed e-con e-parent\" data-id=\"0f90fa3\" data-element_type=\"container\">\n\t\t\t\t\t<div class=\"e-con-inner\">\n\t\t\t\t<div class=\"elementor-element elementor-element-3fbc0b5 elementor-widget-divider--view-line elementor-widget elementor-widget-divider\" data-id=\"3fbc0b5\" data-element_type=\"widget\" data-widget_type=\"divider.default\">\n\t\t\t\t<div class=\"elementor-widget-container\">\n\t\t\t<style>\/*! elementor - v3.23.0 - 05-08-2024 *\/\n.elementor-widget-divider{--divider-border-style:none;--divider-border-width:1px;--divider-color:#0c0d0e;--divider-icon-size:20px;--divider-element-spacing:10px;--divider-pattern-height:24px;--divider-pattern-size:20px;--divider-pattern-url:none;--divider-pattern-repeat:repeat-x}.elementor-widget-divider .elementor-divider{display:flex}.elementor-widget-divider .elementor-divider__text{font-size:15px;line-height:1;max-width:95%}.elementor-widget-divider .elementor-divider__element{margin:0 var(--divider-element-spacing);flex-shrink:0}.elementor-widget-divider .elementor-icon{font-size:var(--divider-icon-size)}.elementor-widget-divider .elementor-divider-separator{display:flex;margin:0;direction:ltr}.elementor-widget-divider--view-line_icon .elementor-divider-separator,.elementor-widget-divider--view-line_text .elementor-divider-separator{align-items:center}.elementor-widget-divider--view-line_icon .elementor-divider-separator:after,.elementor-widget-divider--view-line_icon .elementor-divider-separator:before,.elementor-widget-divider--view-line_text .elementor-divider-separator:after,.elementor-widget-divider--view-line_text .elementor-divider-separator:before{display:block;content:\"\";border-block-end:0;flex-grow:1;border-block-start:var(--divider-border-width) var(--divider-border-style) var(--divider-color)}.elementor-widget-divider--element-align-left .elementor-divider .elementor-divider-separator>.elementor-divider__svg:first-of-type{flex-grow:0;flex-shrink:100}.elementor-widget-divider--element-align-left .elementor-divider-separator:before{content:none}.elementor-widget-divider--element-align-left .elementor-divider__element{margin-left:0}.elementor-widget-divider--element-align-right .elementor-divider .elementor-divider-separator>.elementor-divider__svg:last-of-type{flex-grow:0;flex-shrink:100}.elementor-widget-divider--element-align-right .elementor-divider-separator:after{content:none}.elementor-widget-divider--element-align-right .elementor-divider__element{margin-right:0}.elementor-widget-divider--element-align-start .elementor-divider .elementor-divider-separator>.elementor-divider__svg:first-of-type{flex-grow:0;flex-shrink:100}.elementor-widget-divider--element-align-start .elementor-divider-separator:before{content:none}.elementor-widget-divider--element-align-start .elementor-divider__element{margin-inline-start:0}.elementor-widget-divider--element-align-end .elementor-divider .elementor-divider-separator>.elementor-divider__svg:last-of-type{flex-grow:0;flex-shrink:100}.elementor-widget-divider--element-align-end .elementor-divider-separator:after{content:none}.elementor-widget-divider--element-align-end .elementor-divider__element{margin-inline-end:0}.elementor-widget-divider:not(.elementor-widget-divider--view-line_text):not(.elementor-widget-divider--view-line_icon) .elementor-divider-separator{border-block-start:var(--divider-border-width) var(--divider-border-style) var(--divider-color)}.elementor-widget-divider--separator-type-pattern{--divider-border-style:none}.elementor-widget-divider--separator-type-pattern.elementor-widget-divider--view-line .elementor-divider-separator,.elementor-widget-divider--separator-type-pattern:not(.elementor-widget-divider--view-line) .elementor-divider-separator:after,.elementor-widget-divider--separator-type-pattern:not(.elementor-widget-divider--view-line) .elementor-divider-separator:before,.elementor-widget-divider--separator-type-pattern:not([class*=elementor-widget-divider--view]) .elementor-divider-separator{width:100%;min-height:var(--divider-pattern-height);-webkit-mask-size:var(--divider-pattern-size) 100%;mask-size:var(--divider-pattern-size) 100%;-webkit-mask-repeat:var(--divider-pattern-repeat);mask-repeat:var(--divider-pattern-repeat);background-color:var(--divider-color);-webkit-mask-image:var(--divider-pattern-url);mask-image:var(--divider-pattern-url)}.elementor-widget-divider--no-spacing{--divider-pattern-size:auto}.elementor-widget-divider--bg-round{--divider-pattern-repeat:round}.rtl .elementor-widget-divider .elementor-divider__text{direction:rtl}.e-con-inner>.elementor-widget-divider,.e-con>.elementor-widget-divider{width:var(--container-widget-width,100%);--flex-grow:var(--container-widget-flex-grow)}<\/style>\t\t<div class=\"elementor-divider\">\n\t\t\t<span class=\"elementor-divider-separator\">\n\t\t\t\t\t\t<\/span>\n\t\t<\/div>\n\t\t\t\t<\/div>\n\t\t\t\t<\/div>\n\t\t\t\t<div class=\"elementor-element elementor-element-62410ef elementor-widget elementor-widget-text-editor\" data-id=\"62410ef\" data-element_type=\"widget\" data-widget_type=\"text-editor.default\">\n\t\t\t\t<div class=\"elementor-widget-container\">\n\t\t\t<style>\/*! elementor - v3.23.0 - 05-08-2024 *\/\n.elementor-widget-text-editor.elementor-drop-cap-view-stacked .elementor-drop-cap{background-color:#69727d;color:#fff}.elementor-widget-text-editor.elementor-drop-cap-view-framed .elementor-drop-cap{color:#69727d;border:3px solid;background-color:transparent}.elementor-widget-text-editor:not(.elementor-drop-cap-view-default) .elementor-drop-cap{margin-top:8px}.elementor-widget-text-editor:not(.elementor-drop-cap-view-default) .elementor-drop-cap-letter{width:1em;height:1em}.elementor-widget-text-editor .elementor-drop-cap{float:left;text-align:center;line-height:1;font-size:50px}.elementor-widget-text-editor .elementor-drop-cap-letter{display:inline-block}<\/style>\t\t\t\t<ul><li>Hinnasto p\u00e4ivitetty 13.4.2026 ja uudet hinnat voimassa 1.6.2026 alkaen<\/li><li>Kaikki hinnat sis alv:n 25,5%, ellei toisin mainita. Pid\u00e4t\u00e4mme oikeuden hinta- ja toimitusehtojen muutoksiin.<\/li><li>Meill\u00e4 voit maksaa korjaukset ja renkaat ym palvelut my\u00f6s k\u00e4tev\u00e4sti laskulla tai eriss\u00e4 <a href=\"https:\/\/ad-finland.com\/ad-palvelut\/ad-tili\/\" target=\"_blank\" rel=\"noopener\">AD-tilill\u00e4<\/a><strong>.<\/strong><\/li><\/ul>\t\t\t\t\t\t<\/div>\n\t\t\t\t<\/div>\n\t\t\t\t\t<\/div>\n\t\t\t\t<\/div>\n\t\t\t\t<\/div>\n\t\t","protected":false},"excerpt":{"rendered":"<p>Tuote Hinta (sis. alv) Tuntiveloitus\/korjaamo 88 \u20ac HUOM! Tuntiveloitus\/korjaamo 1.6.2026 alkaen 95 \u20ac Kori -ja maalausty\u00f6 alk. 100 \u20ac\/h Vikakoodien luku 40 \u20ac Tuulilasin korjaus 77 \u20ac Renkaanvaihto, henkil\u00f6autot alk. 35 \u20ac Renkaanvaihto, pakettiautot ja maasturit alk. 40 \u20ac Renkaanvaihto, s\u00e4il\u00f6asiakkaalle alk. 30 \u20ac KTPMS-tunnistimen testaus 5 \u20ac\/kpl Renkaiden s\u00e4ilytys [&hellip;]<\/p>\n","protected":false},"author":1,"featured_media":314,"parent":0,"menu_order":0,"comment_status":"closed","ping_status":"closed","template":"","meta":{"footnotes":""},"class_list":["post-49","page","type-page","status-publish","has-post-thumbnail","hentry"],"_links":{"self":[{"href":"https:\/\/www.kolarikorjaukset.fi\/index.php\/wp-json\/wp\/v2\/pages\/49","targetHints":{"allow":["GET"]}}],"collection":[{"href":"https:\/\/www.kolarikorjaukset.fi\/index.php\/wp-json\/wp\/v2\/pages"}],"about":[{"href":"https:\/\/www.kolarikorjaukset.fi\/index.php\/wp-json\/wp\/v2\/types\/page"}],"author":[{"embeddable":true,"href":"https:\/\/www.kolarikorjaukset.fi\/index.php\/wp-json\/wp\/v2\/users\/1"}],"replies":[{"embeddable":true,"href":"https:\/\/www.kolarikorjaukset.fi\/index.php\/wp-json\/wp\/v2\/comments?post=49"}],"version-history":[{"count":111,"href":"https:\/\/www.kolarikorjaukset.fi\/index.php\/wp-json\/wp\/v2\/pages\/49\/revisions"}],"predecessor-version":[{"id":575,"href":"https:\/\/www.kolarikorjaukset.fi\/index.php\/wp-json\/wp\/v2\/pages\/49\/revisions\/575"}],"wp:featuredmedia":[{"embeddable":true,"href":"https:\/\/www.kolarikorjaukset.fi\/index.php\/wp-json\/wp\/v2\/media\/314"}],"wp:attachment":[{"href":"https:\/\/www.kolarikorjaukset.fi\/index.php\/wp-json\/wp\/v2\/media?parent=49"}],"curies":[{"name":"wp","href":"https:\/\/api.w.org\/{rel}","templated":true}]}}